{"id":11514,"date":"2025-03-03T10:51:48","date_gmt":"2025-03-03T10:51:48","guid":{"rendered":"https:\/\/fjg.hmu.temporary.site\/?page_id=11514"},"modified":"2025-06-21T06:55:48","modified_gmt":"2025-06-21T06:55:48","slug":"politique-de-confidentialite","status":"publish","type":"page","link":"https:\/\/www.aplushomecare.ca\/fr\/politique-de-confidentialite\/","title":{"rendered":"politique de confidentialit\u00e9"},"content":{"rendered":"<p>[et_pb_section fb_built=&#8221;1&#8243; custom_padding_last_edited=&#8221;on|phone&#8221; _builder_version=&#8221;4.27.4&#8243; _module_preset=&#8221;default&#8221; background_color=&#8221;rgba(0,0,0,0.45)&#8221; background_image=&#8221;https:\/\/www.aplushomecare.ca\/wp-content\/uploads\/2025\/06\/ourmission-banner.webp&#8221; background_blend=&#8221;overlay&#8221; custom_padding=&#8221;100px||100px||true|false&#8221; custom_padding_tablet=&#8221;80px||80px||true|false&#8221; custom_padding_phone=&#8221;50px||50px||true|false&#8221; hover_enabled=&#8221;0&#8243; locked=&#8221;off&#8221; global_colors_info=&#8221;{}&#8221; title_text=&#8221;ourmission-banner&#8221; sticky_enabled=&#8221;0&#8243;][et_pb_row _builder_version=&#8221;4.27.4&#8243; _module_preset=&#8221;default&#8221; width_tablet=&#8221;&#8221; width_phone=&#8221;90%&#8221; width_last_edited=&#8221;on|phone&#8221; global_colors_info=&#8221;{}&#8221;][et_pb_column type=&#8221;4_4&#8243; _builder_version=&#8221;4.27.4&#8243; _module_preset=&#8221;default&#8221; global_colors_info=&#8221;{}&#8221;][et_pb_text _builder_version=&#8221;4.27.4&#8243; _module_preset=&#8221;default&#8221; header_text_align=&#8221;center&#8221; header_text_color=&#8221;#FFFFFF&#8221; header_text_align_last_edited=&#8221;off|desktop&#8221; global_colors_info=&#8221;{}&#8221;]<\/p>\n<h1><span class=\"title\">Politique de confidentialit\u00e9<\/span><\/h1>\n<p>[\/et_pb_text][\/et_pb_column][\/et_pb_row][\/et_pb_section][et_pb_section fb_built=&#8221;1&#8243; custom_padding_last_edited=&#8221;on|tablet&#8221; admin_label=&#8221;Contact Info&#8221; _builder_version=&#8221;4.27.4&#8243; _module_preset=&#8221;3b50e2ce-7fc6-4f82-9c4e-61a24a8f34ee&#8221; background_enable_color=&#8221;off&#8221; custom_padding_tablet=&#8221;50px||50px||true|false&#8221; custom_padding_phone=&#8221;50px||50px||true|false&#8221; locked=&#8221;off&#8221; global_colors_info=&#8221;{%22gcid-1f1bf5fb-a99d-4acc-8d9e-ddac074c158c%22:%91%22background_color_gradient_stops%22,%22background_color_gradient_stops%22,%22background_color_gradient_stops%22%93,%22gcid-a78660e1-cfc7-4771-a566-6834d6a7f06a%22:%91%22background_color_gradient_stops%22,%22background_color_gradient_stops%22,%22background_color_gradient_stops%22%93,%22gcid-24b0db87-dafa-47d9-995f-b90181e18c52%22:%91%22background_color_gradient_stops%22,%22background_color_gradient_stops%22,%22background_color_gradient_stops%22%93,%22gcid-1d1bdcfe-5369-401e-be3f-f0c8ce3868af%22:%91%22background_color%22%93}&#8221;][et_pb_row custom_padding_last_edited=&#8221;on|tablet&#8221; _builder_version=&#8221;4.27.4&#8243; _module_preset=&#8221;default&#8221; width_tablet=&#8221;&#8221; width_phone=&#8221;90%&#8221; width_last_edited=&#8221;on|phone&#8221; custom_padding_tablet=&#8221;0px||0px||true|false&#8221; custom_padding_phone=&#8221;0px||0px||true|false&#8221; global_colors_info=&#8221;{}&#8221;][et_pb_column type=&#8221;4_4&#8243; _builder_version=&#8221;4.27.4&#8243; _module_preset=&#8221;default&#8221; global_colors_info=&#8221;{}&#8221;][et_pb_text module_class=&#8221;list&#8221; _builder_version=&#8221;4.27.4&#8243; _module_preset=&#8221;default&#8221; hover_enabled=&#8221;0&#8243; text_orientation_tablet=&#8221;center&#8221; text_orientation_phone=&#8221;center&#8221; text_orientation_last_edited=&#8221;on|tablet&#8221; global_colors_info=&#8221;{}&#8221; sticky_enabled=&#8221;0&#8243;]<\/p>\n<h2>Politique de confidentialit\u00e9 et d&#8217;utilisation des donn\u00e9es<\/h2>\n<p>Ce document d\u00e9crit la mani\u00e8re dont nous collectons, utilisons et prot\u00e9geons vos informations sur ce site web (<a href=\"https:\/\/www.aplushomecare.ca\/\">https:\/\/www.aplushomecare.ca\/<\/a>).<\/p>\n<p><strong>Quelles informations collectons-nous\u00a0?<\/strong><\/p>\n<p>Nous collectons des informations vous concernant lorsque vous remplissez un formulaire. Vous pouvez toutefois consulter notre site de mani\u00e8re anonyme. Google, en tant que fournisseur tiers, utilise des cookies pour diffuser des annonces sur votre site. L&#8217;utilisation du cookie DART par Google lui permet de diffuser des annonces \u00e0 vos utilisateurs en fonction de leurs visites sur vos sites et sur d&#8217;autres sites Internet. Les utilisateurs peuvent d\u00e9sactiver l&#8217;utilisation du cookie DART en consultant la politique de confidentialit\u00e9 de Google concernant les r\u00e9seaux publicitaires et de contenu.<\/p>\n<p><strong>\u00c0 quelles fins utilisons-nous vos informations\u00a0?<\/strong><\/p>\n<p>Toutes les informations que nous collectons aupr\u00e8s de vous peuvent \u00eatre utilis\u00e9es de l&#8217;une des mani\u00e8res suivantes\u00a0: pour traiter des transactions, vous envoyer des newsletters ou vous contacter aux fins demand\u00e9es. Vos informations, qu&#8217;elles soient publiques ou priv\u00e9es, ne seront ni vendues, ni \u00e9chang\u00e9es, ni transf\u00e9r\u00e9es, ni communiqu\u00e9es \u00e0 une autre entreprise, pour quelque raison que ce soit, sans votre consentement, sauf dans le but expr\u00e8s de vous livrer le produit ou le service demand\u00e9.<\/p>\n<p>Comment prot\u00e9geons-nous vos informations\u00a0?<\/p>\n<p>Nous mettons en \u0153uvre diverses mesures de s\u00e9curit\u00e9 pour garantir la s\u00e9curit\u00e9 de vos informations personnelles lorsque vous passez commande. Nous utilisons un serveur s\u00e9curis\u00e9. Toutes les informations sensibles\/de cr\u00e9dit fournies sont transmises via la technologie Secure Socket Layer (SSL) et sont tenues de pr\u00e9server leur confidentialit\u00e9. Apr\u00e8s une transaction, vos informations priv\u00e9es (cartes de cr\u00e9dit, num\u00e9ros de s\u00e9curit\u00e9 sociale, informations financi\u00e8res, etc.) ne seront pas stock\u00e9es sur nos serveurs.<\/p>\n<p>Utilisons-nous des cookies\u00a0?<\/p>\n<p>Oui (les cookies sont de petits fichiers qu&#8217;un site ou son fournisseur de services transf\u00e8re sur le disque dur de votre ordinateur via votre navigateur web (si vous l&#8217;autorisez). Ces fichiers permettent aux syst\u00e8mes des sites ou des fournisseurs de services de reconna\u00eetre votre navigateur, de collecter et de m\u00e9moriser certaines informations. Nous utilisons les cookies pour compiler des donn\u00e9es agr\u00e9g\u00e9es sur le trafic et les interactions du site afin de vous offrir de meilleures exp\u00e9riences et de meilleurs outils \u00e0 l&#8217;avenir.)<\/p>\n<p>Divulguons-nous des informations \u00e0 des tiers\u00a0?<\/p>\n<p>Nous ne vendons, n&#8217;\u00e9changeons ni ne transf\u00e9rons vos informations personnelles \u00e0 des tiers. Cela ne concerne pas les tiers de confiance qui nous aident \u00e0 exploiter notre site web, \u00e0 mener nos activit\u00e9s ou \u00e0 vous fournir des services, \u00e0 condition que ces tiers acceptent de pr\u00e9server la confidentialit\u00e9 de ces informations. Nous pouvons \u00e9galement divulguer vos informations lorsque nous estimons que cela est n\u00e9cessaire pour respecter la loi, appliquer les politiques de notre site ou prot\u00e9ger nos droits, notre propri\u00e9t\u00e9 ou notre s\u00e9curit\u00e9 ou ceux d&#8217;autrui. Cependant, les informations non personnelles des visiteurs peuvent \u00eatre communiqu\u00e9es \u00e0 des tiers \u00e0 des fins de marketing, de publicit\u00e9 ou autres.<\/p>\n<p>Loi sur la protection de la vie priv\u00e9e en ligne Conformit\u00e9<\/p>\n<p>Parce que nous accordons une grande importance \u00e0 votre vie priv\u00e9e, nous avons pris les pr\u00e9cautions n\u00e9cessaires pour respecter la loi sur la protection de la vie priv\u00e9e en ligne. Par cons\u00e9quent, nous ne communiquerons pas vos informations personnelles \u00e0 des tiers sans votre consentement.<\/p>\n<p>Conformit\u00e9 \u00e0 la loi sur la protection de la vie priv\u00e9e des enfants en ligne<\/p>\n<p>Nous respectons les exigences de la COPPA (Children\u2019s Online Privacy Protection Act)\u00a0; nous ne collectons aucune information aupr\u00e8s des personnes de moins de 13\u00a0ans. Notre site web, nos produits et nos services sont destin\u00e9s aux personnes \u00e2g\u00e9es de 13\u00a0ans ou plus.<\/p>\n<p>Votre consentement<\/p>\n<p>En utilisant notre site, vous acceptez notre politique de confidentialit\u00e9.<\/p>\n<p>Modifications de notre politique de confidentialit\u00e9<\/p>\n<p>Si nous d\u00e9cidons de modifier notre politique de confidentialit\u00e9, nous mettrons \u00e0 jour la date de modification ci-dessous.<\/p>\n<p>Cette politique a \u00e9t\u00e9 modifi\u00e9e pour la derni\u00e8re fois le 20\/06\/2016.<\/p>\n<p>Nous contacter<\/p>\n<p>Pour toute question concernant cette politique de confidentialit\u00e9, vous pouvez contactez-nous\u00a0\u00e0 <a href=-\"mailto:Info@aplushomecare.ca\">Info@aplushomecare.ca<\/a>.[\/et_pb_text][\/et_pb_column][\/et_pb_row][\/et_pb_section]<\/p>\n","protected":false},"excerpt":{"rendered":"<p>Politique de confidentialit\u00e9Politique de confidentialit\u00e9 et d&#8217;utilisation des donn\u00e9es Ce document d\u00e9crit la mani\u00e8re dont nous collectons, utilisons et prot\u00e9geons vos informations sur ce site web (https:\/\/www.aplushomecare.ca\/). Quelles informations collectons-nous\u00a0? Nous collectons des informations vous concernant lorsque vous remplissez un formulaire. Vous pouvez toutefois consulter notre site de mani\u00e8re anonyme. Google, en tant que fournisseur [&hellip;]<\/p>\n","protected":false},"author":1,"featured_media":0,"parent":0,"menu_order":0,"comment_status":"closed","ping_status":"open","template":"","meta":{"_acf_changed":false,"nf_dc_page":"","_et_pb_use_builder":"on","_et_pb_old_content":"","_et_gb_content_width":"","footnotes":""},"dipi_cpt_category":[],"class_list":["post-11514","page","type-page","status-publish","hentry"],"acf":[],"_links":{"self":[{"href":"https:\/\/www.aplushomecare.ca\/fr\/wp-json\/wp\/v2\/pages\/11514","targetHints":{"allow":["GET"]}}],"collection":[{"href":"https:\/\/www.aplushomecare.ca\/fr\/wp-json\/wp\/v2\/pages"}],"about":[{"href":"https:\/\/www.aplushomecare.ca\/fr\/wp-json\/wp\/v2\/types\/page"}],"author":[{"embeddable":true,"href":"https:\/\/www.aplushomecare.ca\/fr\/wp-json\/wp\/v2\/users\/1"}],"replies":[{"embeddable":true,"href":"https:\/\/www.aplushomecare.ca\/fr\/wp-json\/wp\/v2\/comments?post=11514"}],"version-history":[{"count":7,"href":"https:\/\/www.aplushomecare.ca\/fr\/wp-json\/wp\/v2\/pages\/11514\/revisions"}],"predecessor-version":[{"id":12756,"href":"https:\/\/www.aplushomecare.ca\/fr\/wp-json\/wp\/v2\/pages\/11514\/revisions\/12756"}],"wp:attachment":[{"href":"https:\/\/www.aplushomecare.ca\/fr\/wp-json\/wp\/v2\/media?parent=11514"}],"wp:term":[{"taxonomy":"dipi_cpt_category","embeddable":true,"href":"https:\/\/www.aplushomecare.ca\/fr\/wp-json\/wp\/v2\/dipi_cpt_category?post=11514"}],"curies":[{"name":"wp","href":"https:\/\/api.w.org\/{rel}","templated":true}]}}